{"id":96,"date":"2025-01-07T09:06:58","date_gmt":"2025-01-07T09:06:58","guid":{"rendered":"https:\/\/demo.awaikenthemes.com\/lenity\/?page_id=96"},"modified":"2025-07-11T09:46:36","modified_gmt":"2025-07-11T09:46:36","slug":"serveis","status":"publish","type":"page","link":"https:\/\/tacompanya.cat\/es\/serveis\/","title":{"rendered":"Servicios"},"content":{"rendered":"<div data-elementor-type=\"wp-page\" data-elementor-id=\"96\" class=\"elementor elementor-96\" data-elementor-post-type=\"page\">\n\t\t\t\t<div data-ekitparallax=\"{&quot;ekit_section_parallax_bg&quot;:&quot;yes&quot;,&quot;ekit_section_parallax_bg_speed&quot;:0.5,&quot;elementor_lazy_load&quot;:&quot;1&quot;}\" class=\"elementor-element elementor-element-40926ef page-hero-section e-flex e-con-boxed e-con e-parent\" data-id=\"40926ef\" data-element_type=\"container\" data-e-type=\"container\" data-settings=\"{&quot;background_background&quot;:&quot;classic&quot;}\">\n\t\t\t\t\t<div class=\"e-con-inner\">\n\t\t<div class=\"elementor-element elementor-element-08c44be e-con-full e-flex e-con e-child\" data-id=\"08c44be\" data-element_type=\"container\" data-e-type=\"container\">\n\t\t\t\t<div class=\"elementor-element elementor-element-e958b34 at-heading-animation at-animation-heading-style-2 elementor-widget elementor-widget-heading\" data-id=\"e958b34\" data-element_type=\"widget\" data-e-type=\"widget\" data-settings=\"{&quot;ekit_we_effect_on&quot;:&quot;none&quot;}\" data-widget_type=\"heading.default\">\n\t\t\t\t\t<h1 class=\"elementor-heading-title elementor-size-default\"><span>Nuestros<\/span> servicios\n <\/h1>\t\t\t\t<\/div>\n\t\t\t\t<div class=\"elementor-element elementor-element-861930c elementor-invisible elementor-widget elementor-widget-elementskit-breadcrumb\" data-id=\"861930c\" data-element_type=\"widget\" data-e-type=\"widget\" data-settings=\"{&quot;_animation&quot;:&quot;fadeInUp&quot;,&quot;ekit_we_effect_on&quot;:&quot;none&quot;}\" data-widget_type=\"elementskit-breadcrumb.default\">\n\t\t\t\t<div class=\"elementor-widget-container\">\n\t\t\t\t\t<div class=\"ekit-wid-con\" ><ol class=\"ekit-breadcrumb\"><li class=\"ekit_breadcrumbs_start\"><a href=\"https:\/\/tacompanya.cat\/es\">Home<\/a><\/li><\/ol><\/div>\t\t\t\t<\/div>\n\t\t\t\t<\/div>\n\t\t\t\t<\/div>\n\t\t\t\t\t<\/div>\n\t\t\t\t<\/div>\n\t\t<div class=\"elementor-element elementor-element-5b10141a e-flex e-con-boxed e-con e-parent\" data-id=\"5b10141a\" data-element_type=\"container\" data-e-type=\"container\" data-settings=\"{&quot;background_background&quot;:&quot;classic&quot;}\">\n\t\t\t\t\t<div class=\"e-con-inner\">\n\t\t<div class=\"elementor-element elementor-element-3c49c30a e-con-full e-flex e-con e-child\" data-id=\"3c49c30a\" data-element_type=\"container\" data-e-type=\"container\">\n\t\t\t\t<div class=\"elementor-element elementor-element-385cc692 section-title at-heading-animation at-animation-heading-none elementor-invisible elementor-widget elementor-widget-heading\" data-id=\"385cc692\" data-element_type=\"widget\" data-e-type=\"widget\" data-settings=\"{&quot;_animation&quot;:&quot;fadeInUp&quot;,&quot;ekit_we_effect_on&quot;:&quot;none&quot;}\" data-widget_type=\"heading.default\">\n\t\t\t\t\t<h3 class=\"elementor-heading-title elementor-size-default\">SERVICIOS<\/h3>\t\t\t\t<\/div>\n\t\t\t\t<div class=\"elementor-element elementor-element-2d8eb5b0 at-heading-animation at-animation-heading-style-2 elementor-widget elementor-widget-heading\" data-id=\"2d8eb5b0\" data-element_type=\"widget\" data-e-type=\"widget\" data-settings=\"{&quot;ekit_we_effect_on&quot;:&quot;none&quot;}\" data-widget_type=\"heading.default\">\n\t\t\t\t\t<h2 class=\"elementor-heading-title elementor-size-default\">Bienvenido a nuestra Familia de Acompa\u00f1amiento para el Envejecimiento Activo<\/h2>\t\t\t\t<\/div>\n\t\t\t\t<div class=\"elementor-element elementor-element-13e6d558 elementor-invisible elementor-widget elementor-widget-text-editor\" data-id=\"13e6d558\" data-element_type=\"widget\" data-e-type=\"widget\" data-settings=\"{&quot;_animation&quot;:&quot;fadeInUp&quot;,&quot;_animation_delay&quot;:100,&quot;ekit_we_effect_on&quot;:&quot;none&quot;}\" data-widget_type=\"text-editor.default\">\n\t\t\t\t\t\t\t\t\tEn T\u2019acompanya, nos enorgullece ofrecer servicios de calidad para ti y tu familia, tejiendo una red familiar de conexi\u00f3n, proximidad y cuidado.\t\t\t\t\t\t\t\t<\/div>\n\t\t\t\t<\/div>\n\t\t<div class=\"elementor-element elementor-element-6973f19 e-con-full e-flex e-con e-child\" data-id=\"6973f19\" data-element_type=\"container\" data-e-type=\"container\">\n\t\t<div class=\"elementor-element elementor-element-dcea536 e-con-full our-service-item e-flex elementor-invisible e-con e-child\" data-id=\"dcea536\" data-element_type=\"container\" data-e-type=\"container\" data-settings=\"{&quot;background_background&quot;:&quot;classic&quot;,&quot;animation&quot;:&quot;fadeInUp&quot;}\">\n\t\t\t\t<div class=\"elementor-element elementor-element-95a3804 elementor-widget elementor-widget-icon-box\" data-id=\"95a3804\" data-element_type=\"widget\" data-e-type=\"widget\" data-settings=\"{&quot;ekit_we_effect_on&quot;:&quot;none&quot;}\" data-widget_type=\"icon-box.default\">\n\t\t\t\t\t\t\t<div class=\"elementor-icon-box-wrapper\">\n\n\t\t\t\n\t\t\t\t\t\t<div class=\"elementor-icon-box-content\">\n\n\t\t\t\t\t\t\t\t\t<h3 class=\"elementor-icon-box-title\">\n\t\t\t\t\t\t<a href=\"https:\/\/demo.awaikenthemes.com\/lenity\/services\/food-security-initiatives\/\" >\n\t\t\t\t\t\t\tacompa\u00f1amiento por <br>Salidas y Gestiones\t\t\t\t\t\t<\/a>\n\t\t\t\t\t<\/h3>\n\t\t\t\t\n\t\t\t\t\t\t\t\t\t<p class=\"elementor-icon-box-description\">\n\t\t\t\t\t\tEn T\u2019acompanya sabemos que, a veces, lo m\u00e1s sencillo puede hacerse dif\u00edcil: ir al m\u00e9dico, comprar en el supermercado, etc\n\n\t\t\t\t\t<\/p>\n\t\t\t\t\n\t\t\t<\/div>\n\t\t\t\n\t\t<\/div>\n\t\t\t\t\t\t<\/div>\n\t\t\t\t<div class=\"elementor-element elementor-element-aeb30dc ekit-equal-height-disable elementor-widget elementor-widget-elementskit-icon-box\" data-id=\"aeb30dc\" data-element_type=\"widget\" data-e-type=\"widget\" data-settings=\"{&quot;ekit_we_effect_on&quot;:&quot;none&quot;}\" data-widget_type=\"elementskit-icon-box.default\">\n\t\t\t\t\t<div class=\"ekit-wid-con\" >        <!-- link opening -->\n                <!-- end link opening -->\n\n        <div class=\"elementskit-infobox text-center text- icon-top-align elementor-animation-\">\n                            <div class=\"elementskit-box-header\">\n                <div class=\"elementskit-info-box-icon\">\n                    <img fetchpriority=\"high\" decoding=\"async\" width=\"500\" height=\"419\" src=\"https:\/\/tacompanya.cat\/wp-content\/uploads\/2025\/07\/serveis1.jpg\" class=\"attachment- size-\" alt=\"\" srcset=\"https:\/\/tacompanya.cat\/wp-content\/uploads\/2025\/07\/serveis1.jpg 500w, https:\/\/tacompanya.cat\/wp-content\/uploads\/2025\/07\/serveis1-300x251.jpg 300w\" sizes=\"(max-width: 500px) 100vw, 500px\" \/>                <\/div>\n          <\/div>\n                <div class=\"box-body\">\n                                                    <div class=\"box-footer disable_hover_button\">\n                    <div class=\"btn-wraper\">\n                                                            <a class=\"elementskit-btn whitespace--normal\" href=\"\/es\/serveis\/acompanyament-per-sortides-i-gestiones\/\">\n                                        Leer m\u00e1s                                        <i aria-hidden=\"true\" class=\"fas fa-arrow-right\"><\/i>                                    <\/a>\n                                                        <\/div>\n                <\/div>\n                    <\/div>\n        \n        \n                <\/div>\n        <\/div>\t\t\t\t<\/div>\n\t\t\t\t<\/div>\n\t\t<div class=\"elementor-element elementor-element-e81c485 e-con-full our-service-item e-flex elementor-invisible e-con e-child\" data-id=\"e81c485\" data-element_type=\"container\" data-e-type=\"container\" data-settings=\"{&quot;background_background&quot;:&quot;classic&quot;,&quot;animation&quot;:&quot;fadeInUp&quot;,&quot;animation_delay&quot;:200}\">\n\t\t\t\t<div class=\"elementor-element elementor-element-0e247b6 elementor-widget elementor-widget-icon-box\" data-id=\"0e247b6\" data-element_type=\"widget\" data-e-type=\"widget\" data-settings=\"{&quot;ekit_we_effect_on&quot;:&quot;none&quot;}\" data-widget_type=\"icon-box.default\">\n\t\t\t\t\t\t\t<div class=\"elementor-icon-box-wrapper\">\n\n\t\t\t\n\t\t\t\t\t\t<div class=\"elementor-icon-box-content\">\n\n\t\t\t\t\t\t\t\t\t<h3 class=\"elementor-icon-box-title\">\n\t\t\t\t\t\t<a href=\"\/es\/serveis\/acompanyament-en-neteja-i-manteniment-de-la-llar\/\" >\n\t\t\t\t\t\t\tacompa\u00f1amiento en<br> Limpieza y Mantenimiento del Hogar\t\t\t\t\t\t<\/a>\n\t\t\t\t\t<\/h3>\n\t\t\t\t\n\t\t\t\t\t\t\t\t\t<p class=\"elementor-icon-box-description\">\n\t\t\t\t\t\tCon el paso de los a\u00f1os, tareas como limpiar, barrer o ordenar pueden convertirse en esfuerzos dif\u00edciles\t\t\t\t\t<\/p>\n\t\t\t\t\n\t\t\t<\/div>\n\t\t\t\n\t\t<\/div>\n\t\t\t\t\t\t<\/div>\n\t\t\t\t<div class=\"elementor-element elementor-element-cb21205 ekit-equal-height-disable elementor-widget elementor-widget-elementskit-icon-box\" data-id=\"cb21205\" data-element_type=\"widget\" data-e-type=\"widget\" data-settings=\"{&quot;ekit_we_effect_on&quot;:&quot;none&quot;}\" data-widget_type=\"elementskit-icon-box.default\">\n\t\t\t\t\t<div class=\"ekit-wid-con\" >        <!-- link opening -->\n                <!-- end link opening -->\n\n        <div class=\"elementskit-infobox text-center text- icon-top-align elementor-animation-\">\n                            <div class=\"elementskit-box-header\">\n                <div class=\"elementskit-info-box-icon\">\n                    <img decoding=\"async\" width=\"200\" height=\"185\" src=\"https:\/\/tacompanya.cat\/wp-content\/uploads\/2025\/07\/mujer-bonita-limpieza-estante-de-cocina-con-plumero-suave-serveis.jpg\" class=\"attachment- size-\" alt=\"\" \/>                <\/div>\n          <\/div>\n                <div class=\"box-body\">\n                                                    <div class=\"box-footer disable_hover_button\">\n                    <div class=\"btn-wraper\">\n                                                            <a class=\"elementskit-btn whitespace--normal\" href=\"\/es\/serveis\/acompanyament-en-neteja-i-manteniment-de-la-llar\/\">\n                                        Leer m\u00e1s                                        <i aria-hidden=\"true\" class=\"fas fa-arrow-right\"><\/i>                                    <\/a>\n                                                        <\/div>\n                <\/div>\n                    <\/div>\n        \n        \n                <\/div>\n        <\/div>\t\t\t\t<\/div>\n\t\t\t\t<\/div>\n\t\t<div class=\"elementor-element elementor-element-684f38a e-con-full our-service-item e-flex elementor-invisible e-con e-child\" data-id=\"684f38a\" data-element_type=\"container\" data-e-type=\"container\" data-settings=\"{&quot;background_background&quot;:&quot;classic&quot;,&quot;animation&quot;:&quot;fadeInUp&quot;,&quot;animation_delay&quot;:100}\">\n\t\t\t\t<div class=\"elementor-element elementor-element-955860a elementor-widget elementor-widget-icon-box\" data-id=\"955860a\" data-element_type=\"widget\" data-e-type=\"widget\" data-settings=\"{&quot;ekit_we_effect_on&quot;:&quot;none&quot;}\" data-widget_type=\"icon-box.default\">\n\t\t\t\t\t\t\t<div class=\"elementor-icon-box-wrapper\">\n\n\t\t\t\n\t\t\t\t\t\t<div class=\"elementor-icon-box-content\">\n\n\t\t\t\t\t\t\t\t\t<h3 class=\"elementor-icon-box-title\">\n\t\t\t\t\t\t<a href=\"https:\/\/demo.awaikenthemes.com\/lenity\/services\/educational-support\/\" >\n\t\t\t\t\t\t\tacompa\u00f1amiento con <br>Profesionales en Domicilio\t\t\t\t\t\t<\/a>\n\t\t\t\t\t<\/h3>\n\t\t\t\t\n\t\t\t\t\t\t\t\t\t<p class=\"elementor-icon-box-description\">\n\t\t\t\t\t\tSabemos que para muchas personas mayores desplazarse hasta un centro m\u00e9dico o cl\u00ednica puede ser agotador.\t\t\t\t\t<\/p>\n\t\t\t\t\n\t\t\t<\/div>\n\t\t\t\n\t\t<\/div>\n\t\t\t\t\t\t<\/div>\n\t\t\t\t<div class=\"elementor-element elementor-element-56c49f5 ekit-equal-height-disable elementor-widget elementor-widget-elementskit-icon-box\" data-id=\"56c49f5\" data-element_type=\"widget\" data-e-type=\"widget\" data-settings=\"{&quot;ekit_we_effect_on&quot;:&quot;none&quot;}\" data-widget_type=\"elementskit-icon-box.default\">\n\t\t\t\t\t<div class=\"ekit-wid-con\" >        <!-- link opening -->\n                <!-- end link opening -->\n\n        <div class=\"elementskit-infobox text-center text- icon-top-align elementor-animation-\">\n                            <div class=\"elementskit-box-header\">\n                <div class=\"elementskit-info-box-icon\">\n                    <img decoding=\"async\" width=\"200\" height=\"179\" src=\"https:\/\/tacompanya.cat\/wp-content\/uploads\/2025\/07\/mujer-arabe-y-anciana-jugando-videojuegos-serveis.jpg\" class=\"attachment- size-\" alt=\"\" \/>                <\/div>\n          <\/div>\n                <div class=\"box-body\">\n                                                    <div class=\"box-footer disable_hover_button\">\n                    <div class=\"btn-wraper\">\n                                                            <a class=\"elementskit-btn whitespace--normal\" href=\"\/es\/serveis\/acompanyament-tecnologic\/\">\n                                        Leer m\u00e1s                                        <i aria-hidden=\"true\" class=\"fas fa-arrow-right\"><\/i>                                    <\/a>\n                                                        <\/div>\n                <\/div>\n                    <\/div>\n        \n        \n                <\/div>\n        <\/div>\t\t\t\t<\/div>\n\t\t\t\t<\/div>\n\t\t\t\t<\/div>\n\t\t<div class=\"elementor-element elementor-element-5e5364a1 e-con-full e-flex e-con e-child\" data-id=\"5e5364a1\" data-element_type=\"container\" data-e-type=\"container\">\n\t\t<div class=\"elementor-element elementor-element-5f58a5be e-con-full our-service-item e-flex elementor-invisible e-con e-child\" data-id=\"5f58a5be\" data-element_type=\"container\" data-e-type=\"container\" data-settings=\"{&quot;background_background&quot;:&quot;classic&quot;,&quot;animation&quot;:&quot;fadeInUp&quot;}\">\n\t\t\t\t<div class=\"elementor-element elementor-element-6d3ffe2e elementor-widget elementor-widget-icon-box\" data-id=\"6d3ffe2e\" data-element_type=\"widget\" data-e-type=\"widget\" data-settings=\"{&quot;ekit_we_effect_on&quot;:&quot;none&quot;}\" data-widget_type=\"icon-box.default\">\n\t\t\t\t\t\t\t<div class=\"elementor-icon-box-wrapper\">\n\n\t\t\t\n\t\t\t\t\t\t<div class=\"elementor-icon-box-content\">\n\n\t\t\t\t\t\t\t\t\t<h3 class=\"elementor-icon-box-title\">\n\t\t\t\t\t\t<a href=\"https:\/\/demo.awaikenthemes.com\/lenity\/services\/food-security-initiatives\/\" >\n\t\t\t\t\t\t\tacompa\u00f1amiento en <br>Estimulaci\u00f3n Cognitiva\t\t\t\t\t\t<\/a>\n\t\t\t\t\t<\/h3>\n\t\t\t\t\n\t\t\t\t\t\t\t\t\t<p class=\"elementor-icon-box-description\">\n\t\t\t\t\t\tEn T\u2019acompanya creemos que la mente tambi\u00e9n necesita cuidado, cari\u00f1o y ejercicio. Por eso ofrecemos un servicio especializado\n\n\t\t\t\t\t<\/p>\n\t\t\t\t\n\t\t\t<\/div>\n\t\t\t\n\t\t<\/div>\n\t\t\t\t\t\t<\/div>\n\t\t\t\t<div class=\"elementor-element elementor-element-f05e8ce ekit-equal-height-disable elementor-widget elementor-widget-elementskit-icon-box\" data-id=\"f05e8ce\" data-element_type=\"widget\" data-e-type=\"widget\" data-settings=\"{&quot;ekit_we_effect_on&quot;:&quot;none&quot;}\" data-widget_type=\"elementskit-icon-box.default\">\n\t\t\t\t\t<div class=\"ekit-wid-con\" >        <!-- link opening -->\n                <!-- end link opening -->\n\n        <div class=\"elementskit-infobox text-center text- icon-top-align elementor-animation-\">\n                            <div class=\"elementskit-box-header\">\n                <div class=\"elementskit-info-box-icon\">\n                    <img loading=\"lazy\" decoding=\"async\" width=\"200\" height=\"179\" src=\"https:\/\/tacompanya.cat\/wp-content\/uploads\/2025\/07\/viejo-paciente-que-sufre-de-parkinson-serveis.jpg\" class=\"attachment- size-\" alt=\"\" \/>                <\/div>\n          <\/div>\n                <div class=\"box-body\">\n                                                    <div class=\"box-footer disable_hover_button\">\n                    <div class=\"btn-wraper\">\n                                                            <a class=\"elementskit-btn whitespace--normal\" href=\"\/es\/serveis\/acompanyament-en-estimulacio-cognitiva\/\">\n                                        Leer m\u00e1s                                        <i aria-hidden=\"true\" class=\"fas fa-arrow-right\"><\/i>                                    <\/a>\n                                                        <\/div>\n                <\/div>\n                    <\/div>\n        \n        \n                <\/div>\n        <\/div>\t\t\t\t<\/div>\n\t\t\t\t<\/div>\n\t\t<div class=\"elementor-element elementor-element-72e78f01 e-con-full our-service-item e-flex elementor-invisible e-con e-child\" data-id=\"72e78f01\" data-element_type=\"container\" data-e-type=\"container\" data-settings=\"{&quot;background_background&quot;:&quot;classic&quot;,&quot;animation&quot;:&quot;fadeInUp&quot;,&quot;animation_delay&quot;:100}\">\n\t\t\t\t<div class=\"elementor-element elementor-element-6142c982 elementor-widget elementor-widget-icon-box\" data-id=\"6142c982\" data-element_type=\"widget\" data-e-type=\"widget\" data-settings=\"{&quot;ekit_we_effect_on&quot;:&quot;none&quot;}\" data-widget_type=\"icon-box.default\">\n\t\t\t\t\t\t\t<div class=\"elementor-icon-box-wrapper\">\n\n\t\t\t\n\t\t\t\t\t\t<div class=\"elementor-icon-box-content\">\n\n\t\t\t\t\t\t\t\t\t<h3 class=\"elementor-icon-box-title\">\n\t\t\t\t\t\t<a href=\"https:\/\/demo.awaikenthemes.com\/lenity\/services\/educational-support\/\" >\n\t\t\t\t\t\t\tacompa\u00f1amiento <br>Tecnol\u00f3gico\t\t\t\t\t\t<\/a>\n\t\t\t\t\t<\/h3>\n\t\t\t\t\n\t\t\t\t\t\t\t\t\t<p class=\"elementor-icon-box-description\">\n\t\t\t\t\t\tEn T\u2019acompanya sabemos que, a menudo, la tecnolog\u00eda puede parecer un muro para las personas mayores.\t\t\t\t\t<\/p>\n\t\t\t\t\n\t\t\t<\/div>\n\t\t\t\n\t\t<\/div>\n\t\t\t\t\t\t<\/div>\n\t\t\t\t<div class=\"elementor-element elementor-element-116c3821 ekit-equal-height-disable elementor-widget elementor-widget-elementskit-icon-box\" data-id=\"116c3821\" data-element_type=\"widget\" data-e-type=\"widget\" data-settings=\"{&quot;ekit_we_effect_on&quot;:&quot;none&quot;}\" data-widget_type=\"elementskit-icon-box.default\">\n\t\t\t\t\t<div class=\"ekit-wid-con\" >        <!-- link opening -->\n                <!-- end link opening -->\n\n        <div class=\"elementskit-infobox text-center text- icon-top-align elementor-animation-\">\n                            <div class=\"elementskit-box-header\">\n                <div class=\"elementskit-info-box-icon\">\n                    <img loading=\"lazy\" decoding=\"async\" width=\"500\" height=\"435\" src=\"https:\/\/tacompanya.cat\/wp-content\/uploads\/2025\/07\/mujer-de-edad-con-smartphone-en-casa.jpg\" class=\"attachment- size-\" alt=\"\" srcset=\"https:\/\/tacompanya.cat\/wp-content\/uploads\/2025\/07\/mujer-de-edad-con-smartphone-en-casa.jpg 500w, https:\/\/tacompanya.cat\/wp-content\/uploads\/2025\/07\/mujer-de-edad-con-smartphone-en-casa-300x261.jpg 300w\" sizes=\"(max-width: 500px) 100vw, 500px\" \/>                <\/div>\n          <\/div>\n                <div class=\"box-body\">\n                                                    <div class=\"box-footer disable_hover_button\">\n                    <div class=\"btn-wraper\">\n                                                            <a class=\"elementskit-btn whitespace--normal\" href=\"\/es\/serveis\/acompanyament-tecnologic\/\">\n                                        Leer m\u00e1s                                        <i aria-hidden=\"true\" class=\"fas fa-arrow-right\"><\/i>                                    <\/a>\n                                                        <\/div>\n                <\/div>\n                    <\/div>\n        \n        \n                <\/div>\n        <\/div>\t\t\t\t<\/div>\n\t\t\t\t<\/div>\n\t\t<div class=\"elementor-element elementor-element-6154e4c6 e-con-full our-service-item e-flex elementor-invisible e-con e-child\" data-id=\"6154e4c6\" data-element_type=\"container\" data-e-type=\"container\" data-settings=\"{&quot;background_background&quot;:&quot;classic&quot;,&quot;animation&quot;:&quot;fadeInUp&quot;,&quot;animation_delay&quot;:200}\">\n\t\t\t\t<div class=\"elementor-element elementor-element-45eec37b elementor-widget elementor-widget-icon-box\" data-id=\"45eec37b\" data-element_type=\"widget\" data-e-type=\"widget\" data-settings=\"{&quot;ekit_we_effect_on&quot;:&quot;none&quot;}\" data-widget_type=\"icon-box.default\">\n\t\t\t\t\t\t\t<div class=\"elementor-icon-box-wrapper\">\n\n\t\t\t\n\t\t\t\t\t\t<div class=\"elementor-icon-box-content\">\n\n\t\t\t\t\t\t\t\t\t<h3 class=\"elementor-icon-box-title\">\n\t\t\t\t\t\t<a href=\"https:\/\/demo.awaikenthemes.com\/lenity\/services\/healthcare-access\/\" >\n\t\t\t\t\t\t\tacompa\u00f1amiento con<br> Arteterapia\t\t\t\t\t\t<\/a>\n\t\t\t\t\t<\/h3>\n\t\t\t\t\n\t\t\t\t\t\t\t\t\t<p class=\"elementor-icon-box-description\">\n\t\t\t\t\t\tEn T\u2019acompanya creemos en el poder del arte para transformar, conectar y cuidar. Por eso ofrecemos un servicio especializado.\t\t\t\t\t<\/p>\n\t\t\t\t\n\t\t\t<\/div>\n\t\t\t\n\t\t<\/div>\n\t\t\t\t\t\t<\/div>\n\t\t\t\t<div class=\"elementor-element elementor-element-54500902 ekit-equal-height-disable elementor-widget elementor-widget-elementskit-icon-box\" data-id=\"54500902\" data-element_type=\"widget\" data-e-type=\"widget\" data-settings=\"{&quot;ekit_we_effect_on&quot;:&quot;none&quot;}\" data-widget_type=\"elementskit-icon-box.default\">\n\t\t\t\t\t<div class=\"ekit-wid-con\" >        <!-- link opening -->\n                <!-- end link opening -->\n\n        <div class=\"elementskit-infobox text-center text- icon-top-align elementor-animation-\">\n                            <div class=\"elementskit-box-header\">\n                <div class=\"elementskit-info-box-icon\">\n                    <img loading=\"lazy\" decoding=\"async\" width=\"500\" height=\"463\" src=\"https:\/\/tacompanya.cat\/wp-content\/uploads\/2025\/07\/serveis3.jpg\" class=\"attachment- size-\" alt=\"\" srcset=\"https:\/\/tacompanya.cat\/wp-content\/uploads\/2025\/07\/serveis3.jpg 500w, https:\/\/tacompanya.cat\/wp-content\/uploads\/2025\/07\/serveis3-300x278.jpg 300w\" sizes=\"(max-width: 500px) 100vw, 500px\" \/>                <\/div>\n          <\/div>\n                <div class=\"box-body\">\n                                                    <div class=\"box-footer disable_hover_button\">\n                    <div class=\"btn-wraper\">\n                                                            <a class=\"elementskit-btn whitespace--normal\" href=\"\/es\/serveis\/acompanyament-amb-artterapia\/\">\n                                        Leer m\u00e1s                                        <i aria-hidden=\"true\" class=\"fas fa-arrow-right\"><\/i>                                    <\/a>\n                                                        <\/div>\n                <\/div>\n                    <\/div>\n        \n        \n                <\/div>\n        <\/div>\t\t\t\t<\/div>\n\t\t\t\t<\/div>\n\t\t\t\t<\/div>\n\t\t<div class=\"elementor-element elementor-element-539ca1b0 e-con-full e-flex elementor-invisible e-con e-child\" data-id=\"539ca1b0\" data-element_type=\"container\" data-e-type=\"container\" data-settings=\"{&quot;animation&quot;:&quot;fadeInUp&quot;}\">\n\t\t\t\t<div class=\"elementor-element elementor-element-71b32c14 elementor-widget elementor-widget-button\" data-id=\"71b32c14\" data-element_type=\"widget\" data-e-type=\"widget\" data-settings=\"{&quot;ekit_we_effect_on&quot;:&quot;none&quot;}\" data-widget_type=\"button.default\">\n\t\t\t\t\t\t\t\t\t\t<a class=\"elementor-button elementor-button-link elementor-size-sm\" href=\"\/es\/contacta\/\">\n\t\t\t\t\t\t<span class=\"elementor-button-content-wrapper\">\n\t\t\t\t\t\t\t\t\t<span class=\"elementor-button-text\">Reserva tu servicio hoy<\/span>\n\t\t\t\t\t<\/span>\n\t\t\t\t\t<\/a>\n\t\t\t\t\t\t\t\t<\/div>\n\t\t\t\t<div class=\"elementor-element elementor-element-36693bdb work-footer elementor-widget elementor-widget-text-editor\" data-id=\"36693bdb\" data-element_type=\"widget\" data-e-type=\"widget\" data-settings=\"{&quot;ekit_we_effect_on&quot;:&quot;none&quot;}\" data-widget_type=\"text-editor.default\">\n\t\t\t\t\t\t\t\t\t<p>Quedar\u00e1 satisfecho con nuestro trabajo. P\u00f3ngase en contacto con nosotros hoy mismo <a href=\"tel:621190469\"><strong>621 190 469<\/strong><\/a><\/p>\t\t\t\t\t\t\t\t<\/div>\n\t\t\t\t<\/div>\n\t\t\t\t\t<\/div>\n\t\t\t\t<\/div>\n\t\t\t\t<\/div>","protected":false},"excerpt":{"rendered":"<p>Els nostres serveis Home SERVEIS Benvingut a la nostra [&hellip;]<\/p>\n","protected":false},"author":1,"featured_media":0,"parent":0,"menu_order":0,"comment_status":"closed","ping_status":"closed","template":"elementor_header_footer","meta":{"footnotes":""},"class_list":["post-96","page","type-page","status-publish","hentry"],"_links":{"self":[{"href":"https:\/\/tacompanya.cat\/es\/wp-json\/wp\/v2\/pages\/96","targetHints":{"allow":["GET"]}}],"collection":[{"href":"https:\/\/tacompanya.cat\/es\/wp-json\/wp\/v2\/pages"}],"about":[{"href":"https:\/\/tacompanya.cat\/es\/wp-json\/wp\/v2\/types\/page"}],"author":[{"embeddable":true,"href":"https:\/\/tacompanya.cat\/es\/wp-json\/wp\/v2\/users\/1"}],"replies":[{"embeddable":true,"href":"https:\/\/tacompanya.cat\/es\/wp-json\/wp\/v2\/comments?post=96"}],"version-history":[{"count":38,"href":"https:\/\/tacompanya.cat\/es\/wp-json\/wp\/v2\/pages\/96\/revisions"}],"predecessor-version":[{"id":15330,"href":"https:\/\/tacompanya.cat\/es\/wp-json\/wp\/v2\/pages\/96\/revisions\/15330"}],"wp:attachment":[{"href":"https:\/\/tacompanya.cat\/es\/wp-json\/wp\/v2\/media?parent=96"}],"curies":[{"name":"wp","href":"https:\/\/api.w.org\/{rel}","templated":true}]}}